{"id":1082,"date":"2021-03-14T16:59:28","date_gmt":"2021-03-14T16:59:28","guid":{"rendered":"https:\/\/ecoper.eu\/?page_id=1082"},"modified":"2023-11-06T08:40:16","modified_gmt":"2023-11-06T07:40:16","slug":"who-we-are","status":"publish","type":"page","link":"https:\/\/ecoper.eu\/es\/","title":{"rendered":"Qui\u00e9nes somos"},"content":{"rendered":"\n<figure class=\"wp-block-image size-large is-style-default\"><img src=\"https:\/\/ecoper.eu\/wp-content\/uploads\/2021\/10\/equipo-ecoper-reunion-1024x540.jpg\" alt=\"\" class=\"wp-image-1550\" \/><\/figure>\n\n\n\n<p>Economistas de la Cooperaci\u00f3n, S.L. (ECOPER) es un equipo de consultor\u00eda con sede en Espa\u00f1a y especializado en cooperaci\u00f3n al desarrollo. Su misi\u00f3n es movilizar expertos y m\u00e9todos para producir conocimiento relevante para organismos internacionales, agencias de cooperaci\u00f3n y ONG, con el objetivo de contribuir de la manera m\u00e1s efectiva posible a los Objetivos de Desarrollo Sostenible (ODS).<\/p>\n\n\n\n<p>El equipo central de ECOPER est\u00e1 formado por seis consultores, en su mayor\u00eda economistas, con diversa experiencia profesional y de posgrado: desarrollo econ\u00f3mico; an\u00e1lisis de pol\u00edticas; administraci\u00f3n; contabilidad y auditor\u00eda; educaci\u00f3n; etc. Este equipo cuenta con el apoyo de una red de expertos de unos 20 profesionales independientes en funci\u00f3n de las necesidades de cada proyecto.<\/p>\n\n\n\n<h2 class=\"gb-headline gb-headline-792ffd36 gb-headline-text\">El equipo<\/h2>\n\n\n<div class=\"gb-grid-wrapper gb-grid-wrapper-d9d544c1\">\n<div class=\"gb-grid-column gb-grid-column-976a993b\"><div class=\"gb-container gb-container-976a993b\"><div class=\"gb-inside-container\">\n\n<figure class=\"wp-block-image size-full\"><img src=\"https:\/\/ecoper.eu\/wp-content\/uploads\/2021\/10\/Perfil-Aitor-Perez.jpg\" alt=\"\" class=\"wp-image-1545\" \/><\/figure>\n\n\n\n<h3 class=\"gb-headline gb-headline-39e3e889 gb-headline-text\">Aitor P\u00e9rez<\/h3>\n\n\n\n<h6 class=\"gb-headline gb-headline-5bd99562 gb-headline-text\">Consultor jefe. Fundador<\/h6>\n\n\n<div class=\"gb-button-wrapper gb-button-wrapper-75843b0f\">\n\n<a class=\"gb-button gb-button-7c67bc97\" href=\"https:\/\/www.linkedin.com\/in\/aitor-perez-ruiz-39759136\/\"><span class=\"gb-icon\"><\/span><\/a>\n\n<\/div>\n<\/div><\/div><\/div>\n\n<div class=\"gb-grid-column gb-grid-column-c0e05d78\"><div class=\"gb-container gb-container-c0e05d78\"><div class=\"gb-inside-container\">\n\n<figure class=\"wp-block-image size-full\"><img src=\"https:\/\/ecoper.eu\/wp-content\/uploads\/2021\/10\/Perfil-David-Utrero.jpg\" alt=\"\" class=\"wp-image-1548\" \/><\/figure>\n\n\n\n<h3 class=\"gb-headline gb-headline-2aa01994 gb-headline-text\">David Utrero<\/h3>\n\n\n\n<h6 class=\"gb-headline gb-headline-dc1b1618 gb-headline-text\">Consultor senior de gesti\u00f3n de ONG<\/h6>\n\n\n<div class=\"gb-button-wrapper gb-button-wrapper-0ceedd58\">\n\n<a class=\"gb-button gb-button-5540e966\" href=\"https:\/\/www.linkedin.com\/in\/david-utrero-ladera\/\"><span class=\"gb-icon\"><\/span><\/a>\n\n<\/div>\n<\/div><\/div><\/div>\n\n<div class=\"gb-grid-column gb-grid-column-178045e3\"><div class=\"gb-container gb-container-178045e3\"><div class=\"gb-inside-container\">\n\n<figure class=\"wp-block-image size-full\"><img src=\"https:\/\/ecoper.eu\/wp-content\/uploads\/2021\/12\/Perfil-Noor-Albakhit.jpg\" alt=\"\" class=\"wp-image-1547\" \/><\/figure>\n\n\n\n<h3 class=\"gb-headline gb-headline-bfad9364 gb-headline-text\">Noor Albakhit <\/h3>\n\n\n\n<h6 class=\"gb-headline gb-headline-502023a6 gb-headline-text\">Responsable oficina MENA<\/h6>\n\n\n<div class=\"gb-button-wrapper gb-button-wrapper-3f762408\">\n\n<a class=\"gb-button gb-button-82afb25e\" href=\"https:\/\/www.linkedin.com\/in\/noor-zeid-35609a118\/\"><span class=\"gb-icon\"><\/span><\/a>\n\n<\/div>\n<\/div><\/div><\/div>\n\n<div class=\"gb-grid-column gb-grid-column-01eac3b5\"><div class=\"gb-container gb-container-01eac3b5\"><div class=\"gb-inside-container\">\n\n<figure class=\"wp-block-image size-full\"><img loading=\"lazy\" width=\"744\" height=\"711\" src=\"https:\/\/ecoper.eu\/es\/wp-content\/uploads\/sites\/2\/2023\/11\/Perfil-Flavia.jpg\" alt=\"\" class=\"wp-image-2133\" srcset=\"https:\/\/ecoper.eu\/es\/wp-content\/uploads\/sites\/2\/2023\/11\/Perfil-Flavia.jpg 744w, https:\/\/ecoper.eu\/es\/wp-content\/uploads\/sites\/2\/2023\/11\/Perfil-Flavia-300x287.jpg 300w\" sizes=\"(max-width: 744px) 100vw, 744px\" \/><\/figure>\n\n\n\n<h3 class=\"gb-headline gb-headline-81553626 gb-headline-text\">Flavia Fern\u00e1ndez<\/h3>\n\n\n\n<h6 class=\"gb-headline gb-headline-192811bc gb-headline-text\">Control de calidad<\/h6>\n\n\n<div class=\"gb-button-wrapper gb-button-wrapper-5841349f\">\n\n<a class=\"gb-button gb-button-82afb25e\" href=\"https:\/\/www.linkedin.com\/in\/noor-zeid-35609a118\/\"><span class=\"gb-icon\"><\/span><\/a>\n\n<\/div>\n<\/div><\/div><\/div>\n\n<div class=\"gb-grid-column gb-grid-column-c424eac3\"><div class=\"gb-container gb-container-c424eac3\"><div class=\"gb-inside-container\">\n\n<figure class=\"wp-block-image size-full\"><img src=\"https:\/\/ecoper.eu\/wp-content\/uploads\/2021\/10\/Perfil-Nicolas-Ayensa.jpg\" alt=\"\" class=\"wp-image-1547\" \/><\/figure>\n\n\n\n<h3 class=\"gb-headline gb-headline-2ed1e6cc gb-headline-text\">Nicol\u00e1s Ayensa<\/h3>\n\n\n\n<h6 class=\"gb-headline gb-headline-b5de2469 gb-headline-text\">Consultor asociado<\/h6>\n\n\n<div class=\"gb-button-wrapper gb-button-wrapper-1c74276b\">\n\n<a class=\"gb-button gb-button-82afb25e\" href=\"https:\/\/www.linkedin.com\/in\/nicol%C3%A1s-ayensa-b0491877\/\"><span class=\"gb-icon\"><\/span><\/a>\n\n<\/div>\n<\/div><\/div><\/div>\n<\/div>\n\n\n<h2 class=\"gb-headline gb-headline-e25beffa gb-headline-text\">D\u00f3nde trabajamos<\/h2>\n\n\n<div class=\"map_wrapper\" id=\"map_wrapper_1858\">\n\t\t\t\t<div class=\"map_box\" style=\"max-width:2000px\">\n\t\t\t\t\t\n\t\t\t\t\t<div class=\"map_aspect_ratio\" style=\"padding-top:56%\">\n\t\t\t\t\t\t<div class=\"map_container\">\n\t\t\t\t\t\t\t<div class=\"map_render map_loading\" id=\"map_1858\"><\/div>\n\t\t\t\t\t\t<\/div>\n\t\t\t\t\t<\/div>\n\t\t\t\t<\/div>\n\t\t\t<\/div>\n","protected":false},"excerpt":{"rendered":"<p>Economistas de la Cooperaci\u00f3n, S.L. (ECOPER) es un equipo de consultor\u00eda con sede en Espa\u00f1a y especializado en cooperaci\u00f3n al desarrollo. Su misi\u00f3n es movilizar expertos y m\u00e9todos para producir conocimiento relevante para organismos internacionales, agencias de cooperaci\u00f3n y ONG, con el objetivo de contribuir de la manera m\u00e1s efectiva posible a los Objetivos de &#8230; <\/p>\n<p class=\"read-more-container\"><a title=\"Qui\u00e9nes somos\" class=\"read-more button\" href=\"https:\/\/ecoper.eu\/es\/#more-1082\" aria-label=\"M\u00e1s en Qui\u00e9nes somos\">Leer m\u00e1s<\/a><\/p>\n","protected":false},"author":1,"featured_media":0,"parent":0,"menu_order":0,"comment_status":"closed","ping_status":"closed","template":"","meta":{"_generate-full-width-content":""},"_links":{"self":[{"href":"https:\/\/ecoper.eu\/es\/wp-json\/wp\/v2\/pages\/1082"}],"collection":[{"href":"https:\/\/ecoper.eu\/es\/wp-json\/wp\/v2\/pages"}],"about":[{"href":"https:\/\/ecoper.eu\/es\/wp-json\/wp\/v2\/types\/page"}],"author":[{"embeddable":true,"href":"https:\/\/ecoper.eu\/es\/wp-json\/wp\/v2\/users\/1"}],"replies":[{"embeddable":true,"href":"https:\/\/ecoper.eu\/es\/wp-json\/wp\/v2\/comments?post=1082"}],"version-history":[{"count":9,"href":"https:\/\/ecoper.eu\/es\/wp-json\/wp\/v2\/pages\/1082\/revisions"}],"predecessor-version":[{"id":2134,"href":"https:\/\/ecoper.eu\/es\/wp-json\/wp\/v2\/pages\/1082\/revisions\/2134"}],"wp:attachment":[{"href":"https:\/\/ecoper.eu\/es\/wp-json\/wp\/v2\/media?parent=1082"}],"curies":[{"name":"wp","href":"https:\/\/api.w.org\/{rel}","templated":true}]}}